{"id":45288,"date":"2021-03-16T11:00:48","date_gmt":"2021-03-16T14:00:48","guid":{"rendered":"https:\/\/mylovelyapart.com\/?page_id=45288"},"modified":"2026-03-25T10:20:34","modified_gmt":"2026-03-25T13:20:34","slug":"about-us","status":"publish","type":"page","link":"https:\/\/mylovelyapart.com\/es\/about-us\/","title":{"rendered":"About Us"},"content":{"rendered":"<div class=\"wpb-content-wrapper\"><p>[vc_row full_width=\u00bbstretch_row_content\u00bb parallax=\u00bbcontent-moving\u00bb parallax_image=\u00bb18666&#8243; css=\u00bb.vc_custom_1543002182694{margin-top: 0px !important;margin-bottom: 0px !important;padding-top: 120px !important;padding-bottom: 120px !important;}\u00bb][vc_column][vc_column_text]<\/p>\n<h1 style=\"text-align: center; color: #ffffff;\">Qui\u00e9nes somos<\/h1>\n<p>[\/vc_column_text][\/vc_column][\/vc_row][vc_row full_width=\u00bbstretch_row_content\u00bb bg_type=\u00bbbg_color\u00bb css=\u00bb.vc_custom_1543002480373{padding-top: 120px !important;padding-bottom: 120px !important;}\u00bb bg_color_value=\u00bb#f1f1f1&#8243; el_id=\u00bbaboutid\u00bb][vc_column width=\u00bb1\/6&#8243; el_class=\u00bbshowdesk\u00bb][\/vc_column][vc_column width=\u00bb2\/3&#8243;][vc_column_text css=\u00bb.vc_custom_1746494218358{padding-right: 30px !important;padding-left: 30px !important;}\u00bb]<\/p>\n<p class=\"\" style=\"text-align: center;\" data-start=\"327\" data-end=\"625\"><strong data-start=\"327\" data-end=\"344\">MylovelyApart<\/strong> es una agencia boutique de alquileres temporarios con base en Buenos Aires. Nos especializamos en proveer propiedades para viajeros modernos que buscan autenticidad, confort y conexi\u00f3n: ya sea que vengan por unos d\u00edas, trabajo remoto o estad\u00edas largas de cualquier tipo.<\/p>\n<p class=\"\" style=\"text-align: center;\" data-start=\"627\" data-end=\"797\">Nuestros departamentos se ubican en los mejores barrios de la ciudad, est\u00e1n totalmente equipados, y cada detalle est\u00e1 curado para que se sientan como en casa.<\/p>\n<p class=\"\" style=\"text-align: center;\" data-start=\"799\" data-end=\"1131\">Somos mucho m\u00e1s que una empresa de gesti\u00f3n, ofrecemos un servicio integral y personalizado. Nos encargamos de\u00a0 reservas, comunicacion y atenci\u00f3n al hu\u00e9sped\u2014 con un enfoque estrat\u00e9gico que garantiza alta ocupaci\u00f3n, cuidado absoluto del inmueble.<\/p>\n<p class=\"\" style=\"text-align: center;\" data-start=\"549\" data-end=\"878\">Con m\u00e1s de <strong data-start=\"560\" data-end=\"591\">300 propiedades gestionadas<\/strong>, hemos construido una red s\u00f3lida y rentable que combina hospitalidad de alto nivel con estrategia inmobiliaria. Ofrecemos una gesti\u00f3n completa con m\u00e1xima transparencia, reportes claros y atenci\u00f3n personalizada.<\/p>\n<p style=\"text-align: center;\" data-start=\"549\" data-end=\"878\">Te invitamos a ser parte de la gran familia de Propietarios e Inquilinos de MyLovelyApart que venimos construyendo gracias a todos ustedes desde el a\u00f1o 2016.<\/p>\n<p>[\/vc_column_text][\/vc_column][vc_column width=\u00bb1\/6&#8243; el_class=\u00bbshowdesk\u00bb][\/vc_column][\/vc_row][vc_row css=\u00bb.vc_custom_1543002844762{padding-top: 120px !important;padding-bottom: 120px !important;}\u00bb el_id=\u00bbdesid\u00bb][vc_column width=\u00bb1\/3&#8243;][vc_row_inner][vc_column_inner width=\u00bb3\/4&#8243;][vc_icon icon_fontawesome=\u00bbfa fa-eye\u00bb background_style=\u00bbrounded-outline\u00bb el_class=\u00bbshowmob\u00bb][vc_column_text]<\/p>\n<h4 class=\"rightdesk\">Inspecci\u00f3n<\/h4>\n<p class=\"rightdesk\" style=\"font-size: 12px;\">Nuestro equipo asegura que la unidad de alquiler est\u00e1 \u00ablista para alquilar\u00bb\u00a0 Tambi\u00e9n llevamos a cabo inspecciones para asegurar el buen mantenimiento y el cuidado de la propiedad.<\/p>\n<p>[\/vc_column_text][\/vc_column_inner][vc_column_inner width=\u00bb1\/4&#8243;][vc_icon icon_fontawesome=\u00bbfa fa-eye\u00bb background_style=\u00bbrounded-outline\u00bb align=\u00bbright\u00bb el_class=\u00bbshowdesk\u00bb][\/vc_column_inner][\/vc_row_inner][vc_row_inner][vc_column_inner width=\u00bb3\/4&#8243;][vc_icon icon_fontawesome=\u00bbfa fa-signal\u00bb background_style=\u00bbrounded-outline\u00bb el_class=\u00bbshowmob\u00bb][vc_column_text]<\/p>\n<h4 class=\"rightdesk\">Marketing<\/h4>\n<p class=\"rightdesk\" style=\"font-size: 12px;\">Publicitamos su propiedad atravez de Google<br \/>\ny de sitios amigos para asegurarnos una<br \/>\nalta exposicion del anuncio<\/p>\n<p>[\/vc_column_text][\/vc_column_inner][vc_column_inner width=\u00bb1\/4&#8243;][vc_icon icon_fontawesome=\u00bbfa fa-signal\u00bb background_style=\u00bbrounded-outline\u00bb el_class=\u00bbshowdesk\u00bb][\/vc_column_inner][\/vc_row_inner][vc_row_inner][vc_column_inner width=\u00bb3\/4&#8243;][vc_icon icon_fontawesome=\u00bbfa fa-bath\u00bb background_style=\u00bbrounded-outline\u00bb el_class=\u00bbshowmob\u00bb][vc_column_text]<\/p>\n<h4 class=\"rightdesk\">Muebles<\/h4>\n<p class=\"rightdesk\" style=\"font-size: 12px;\">Orientamos y ayudamos a nuestros propietarios a amueblar sus apartamentos con el fin de hacer que nuestros hu\u00e9spedes se sientan como en casa mientras alquila sus propiedades.<\/p>\n<p>[\/vc_column_text][\/vc_column_inner][vc_column_inner width=\u00bb1\/4&#8243;][vc_icon icon_fontawesome=\u00bbfa fa-bath\u00bb background_style=\u00bbrounded-outline\u00bb align=\u00bbcenter\u00bb el_class=\u00bbshowdesk\u00bb][\/vc_column_inner][\/vc_row_inner][\/vc_column][vc_column width=\u00bb1\/3&#8243; el_class=\u00bbshowdesk\u00bb][vc_empty_space][vc_single_image image=\u00bb18561&#8243; img_size=\u00bblarge\u00bb alignment=\u00bbcenter\u00bb style=\u00bbvc_box_circle_2&#8243;][\/vc_column][vc_column width=\u00bb1\/3&#8243;][vc_row_inner][vc_column_inner width=\u00bb1\/4&#8243;][vc_icon icon_fontawesome=\u00bbfa fa-file-text-o\u00bb background_style=\u00bbrounded-outline\u00bb][\/vc_column_inner][vc_column_inner el_class=\u00bbdodol\u00bb width=\u00bb3\/4&#8243;][vc_column_text]<\/p>\n<h4>Contrato<\/h4>\n<p style=\"font-size: 12px;\">El contrato se regir\u00e1 de acuerdo con las leyes de la Argentina, que proteger\u00e1 a ambas partes en caso de litigio.<br \/>\nUna copia ser\u00e1 guardada tanto por la agencia, como el propietario y el inquilino<\/p>\n<p>[\/vc_column_text][\/vc_column_inner][\/vc_row_inner][vc_row_inner][vc_column_inner width=\u00bb1\/4&#8243;][vc_icon icon_fontawesome=\u00bbfa fa-camera\u00bb background_style=\u00bbrounded-outline\u00bb][\/vc_column_inner][vc_column_inner el_class=\u00bbdodol\u00bb width=\u00bb3\/4&#8243;][vc_column_text]<\/p>\n<h4>Fotograf\u00eda<\/h4>\n<p style=\"font-size: 12px;\">Una vez que su apartamento est\u00e1 aprobado, realisaremos una<br \/>\ninspeccionprevia al ingreso del inquilino, asi tambien<br \/>\nvideo inventario para asegurar la veracidad<br \/>\ndel inmueble rentado.<\/p>\n<p>[\/vc_column_text][\/vc_column_inner][\/vc_row_inner][vc_row_inner][vc_column_inner width=\u00bb1\/4&#8243;][vc_icon icon_fontawesome=\u00bbfa fa-search\u00bb background_style=\u00bbrounded-outline\u00bb][\/vc_column_inner][vc_column_inner el_class=\u00bbdodol\u00bb width=\u00bb3\/4&#8243;][vc_column_text]<\/p>\n<h4>B\u00fasqueda<\/h4>\n<p style=\"font-size: 12px;\">Si el apartamento seleccionado no est\u00e1 disponible para sus fechas,<br \/>\nrealizamos una b\u00fasqueda intensiva para aquellos<br \/>\nque buscan el alojamiento perfecto.<\/p>\n<p>[\/vc_column_text][\/vc_column_inner][\/vc_row_inner][vc_single_image image=\u00bb18561&#8243; img_size=\u00bblarge\u00bb alignment=\u00bbcenter\u00bb style=\u00bbvc_box_circle_2&#8243; el_class=\u00bbshowmob\u00bb][\/vc_column][\/vc_row][vc_row full_width=\u00bbstretch_row_content\u00bb parallax=\u00bbcontent-moving\u00bb parallax_image=\u00bb18666&#8243; css=\u00bb.vc_custom_1531762321114{padding-top: 120px !important;padding-bottom: 120px !important;}\u00bb][vc_column width=\u00bb1\/4&#8243;]<div class=\"stats-block stats-top   vc_custom_1631031744662 stat_counter\"><div class=\"aio-icon-top\"><div class=\"ult-just-icon-wrapper   just_icon\"><div class=\"align-icon\" style=\"text-align:center;\">\n<div class=\"aio-icon-img  uavc-circle \" style=\"font-size:48px;background:#9999cc;display:inline-block;\" >\n\t<img decoding=\"async\" class=\"img-icon\" alt=\"\" src=\"https:\/\/mylovelyapart.com\/wp-content\/uploads\/2021\/09\/building-mla.png\"\/>\n<\/div><\/div><\/div><\/div><div class=\"stats-desc\" id=\"counter-responsv-wrap-8617\"><div id=\"counter_382850754669d39d9a737fb\" data-id=\"counter_382850754669d39d9a737fb\"  data-ultimate-target='#counter-responsv-wrap-8617 .stats-number'  data-responsive-json-new='{\"font-size\":\"desktop:37px;\",\"line-height\":\"desktop:58px;\"}'  class=\"stats-number ult-responsive\" style=\" color:#ffffff; \" data-speed=\"5\" data-counter-value=\"400\" data-separator=\",\" data-decimal=\".\">0<\/div><div id=\"counter_382850754669d39d9a737fb\"  data-ultimate-target='#counter-responsv-wrap-8617 .stats-text'  data-responsive-json-new='{\"font-size\":\"desktop:16px;\",\"line-height\":\"\"}'  class=\"stats-text ult-responsive\" style=\"font-size:px; color:#ffffff; \">Apartamentos<\/div><\/div><\/div>[\/vc_column][vc_column width=\u00bb1\/4&#8243;]<div class=\"stats-block stats-top   vc_custom_1631031753999 stat_counter\"><div class=\"aio-icon-top\"><div class=\"ult-just-icon-wrapper   just_icon\"><div class=\"align-icon\" style=\"text-align:center;\">\n<div class=\"aio-icon-img  uavc-circle \" style=\"font-size:48px;background:#9999cc;display:inline-block;\" >\n\t<img decoding=\"async\" class=\"img-icon\" alt=\"\" src=\"https:\/\/mylovelyapart.com\/wp-content\/uploads\/2021\/09\/users-mla.png\"\/>\n<\/div><\/div><\/div><\/div><div class=\"stats-desc\" id=\"counter-responsv-wrap-7969\"><div id=\"counter_326045596169d39d9a73960\" data-id=\"counter_326045596169d39d9a73960\"  data-ultimate-target='#counter-responsv-wrap-7969 .stats-number'  data-responsive-json-new='{\"font-size\":\"desktop:37px;\",\"line-height\":\"desktop:58px;\"}'  class=\"stats-number ult-responsive\" style=\" color:#ffffff; \" data-speed=\"5\" data-counter-value=\"90\" data-separator=\",\" data-decimal=\".\">0<\/div><div class=\"counter_suffix mycust ult-responsive\"  data-ultimate-target='#counter-responsv-wrap-7969 .mycust'  data-responsive-json-new='{\"font-size\":\"\",\"line-height\":\"\"}'  style=\" color:\">%<\/div><div id=\"counter_326045596169d39d9a73960\"  data-ultimate-target='#counter-responsv-wrap-7969 .stats-text'  data-responsive-json-new='{\"font-size\":\"desktop:16px;\",\"line-height\":\"\"}'  class=\"stats-text ult-responsive\" style=\"font-size:px; color:#ffffff; \">% de ocupaci\u00f3n<\/div><\/div><\/div>[\/vc_column][vc_column width=\u00bb1\/4&#8243;]<div class=\"stats-block stats-top   vc_custom_1631031782849 stat_counter\"><div class=\"aio-icon-top\"><div class=\"ult-just-icon-wrapper   just_icon\"><div class=\"align-icon\" style=\"text-align:center;\">\n<div class=\"aio-icon-img  uavc-circle \" style=\"font-size:48px;background:#9999cc;display:inline-block;\" >\n\t<img decoding=\"async\" class=\"img-icon\" alt=\"\" src=\"https:\/\/mylovelyapart.com\/wp-content\/uploads\/2021\/09\/talk-mla.png\"\/>\n<\/div><\/div><\/div><\/div><div class=\"stats-desc\" id=\"counter-responsv-wrap-7498\"><div id=\"counter_410538186269d39d9a73af1\" data-id=\"counter_410538186269d39d9a73af1\"  data-ultimate-target='#counter-responsv-wrap-7498 .stats-number'  data-responsive-json-new='{\"font-size\":\"desktop:37px;\",\"line-height\":\"desktop:58px;\"}'  class=\"stats-number ult-responsive\" style=\" color:#ffffff; \" data-speed=\"5\" data-counter-value=\"5\" data-separator=\",\" data-decimal=\".\">0<\/div><div id=\"counter_410538186269d39d9a73af1\"  data-ultimate-target='#counter-responsv-wrap-7498 .stats-text'  data-responsive-json-new='{\"font-size\":\"desktop:16px;\",\"line-height\":\"\"}'  class=\"stats-text ult-responsive\" style=\"font-size:px; color:#ffffff; \">Idiomas hablados por nuestro Staff<\/div><\/div><\/div>[\/vc_column][vc_column width=\u00bb1\/4&#8243;]<div class=\"stats-block stats-top   vc_custom_1631031792837 stat_counter\"><div class=\"aio-icon-top\"><div class=\"ult-just-icon-wrapper   just_icon\"><div class=\"align-icon\" style=\"text-align:center;\">\n<div class=\"aio-icon-img  uavc-circle \" style=\"font-size:48px;background:#9999cc;display:inline-block;\" >\n\t<img decoding=\"async\" class=\"img-icon\" alt=\"\" src=\"https:\/\/mylovelyapart.com\/wp-content\/uploads\/2021\/09\/5-stars-mla.png\"\/>\n<\/div><\/div><\/div><\/div><div class=\"stats-desc\" id=\"counter-responsv-wrap-6816\"><div id=\"counter_223072826769d39d9a73c43\" data-id=\"counter_223072826769d39d9a73c43\"  data-ultimate-target='#counter-responsv-wrap-6816 .stats-number'  data-responsive-json-new='{\"font-size\":\"desktop:37px;\",\"line-height\":\"desktop:58px;\"}'  class=\"stats-number ult-responsive\" style=\" color:#ffffff; \" data-speed=\"5\" data-counter-value=\"5\" data-separator=\",\" data-decimal=\".\">0<\/div><div id=\"counter_223072826769d39d9a73c43\"  data-ultimate-target='#counter-responsv-wrap-6816 .stats-text'  data-responsive-json-new='{\"font-size\":\"desktop:16px;\",\"line-height\":\"\"}'  class=\"stats-text ult-responsive\" style=\"font-size:px; color:#ffffff; \">Estrellas en nuestro servicio guiado<\/div><\/div><\/div>[\/vc_column][\/vc_row][vc_row css=\u00bb.vc_custom_1773091175175{padding-top: 60px !important;padding-bottom: 0px !important;}\u00bb][vc_column width=\u00bb1\/4&#8243;]<div class=\"ult-team-member-wrap ult-style-1   ult_team\"><div class=\"ult-team-member-image\" style=\"border-style:solid;\"> <img decoding=\"async\" class=\"ult-team-grayscale\" src=\"https:\/\/mylovelyapart.com\/wp-content\/uploads\/2026\/03\/syl-mla.jpg\" alt=\"null\"  style=\"\"><span class=\"ult-team-member-image-overlay \"  ><\/span><\/div><div class=\"ult-team-member-bio-wrap style-1 ultimate-heading69d39d9a73d3f\" style=\"text-align:center;; \"><div class=\"ult-team-member-name-wrap\"><h2 class=\"ult-team-member-name ult-responsive\"  data-ultimate-target='.ult-team-member-bio-wrap.ultimate-heading69d39d9a73d3f .ult-team-member-name'  data-responsive-json-new='{\"font-size\":\"\",\"line-height\":\"\"}'  style=\"\">Syl<\/h2><div class=\"ult-team-member-position ult-responsive\"  data-ultimate-target='.ult-team-member-bio-wrap.ultimate-heading69d39d9a73d3f .ult-team-member-position'  data-responsive-json-new='{\"font-size\":\"\",\"line-height\":\"\"}'  style=\"\">Fundadora \/ Adquisici\u00f3n de propiedades<\/div><div class=\"ult-team-member-description ult-responsive\"  data-ultimate-target='.ult-team-member-bio-wrap.ultimate-heading69d39d9a73d3f .ult-team-member-description'  data-responsive-json-new='{\"font-size\":\"\",\"line-height\":\"\"}'  style=\"\"><p><\/p>\n<p class=\"p1\"><span class=\"s1\">Spanish \/ English \/ <\/span><span class=\"s1\">French<\/span><\/p>\n<p><\/p><\/div><div style=\"margin-bottom:15px\"><\/div><\/div><\/div><\/div>[\/vc_column][vc_column width=\u00bb1\/4&#8243;]<div class=\"ult-team-member-wrap ult-style-1   ult_team\"><div class=\"ult-team-member-image\" style=\"\"> <img decoding=\"async\" class=\"ult-team-grayscale\" src=\"https:\/\/mylovelyapart.com\/wp-content\/uploads\/2026\/03\/tatiana-mla.jpg\" alt=\"null\"  style=\"\"><span class=\"ult-team-member-image-overlay \"  ><\/span><\/div><div class=\"ult-team-member-bio-wrap style-1 ultimate-heading69d39d9a73f56\" style=\"text-align:center;; \"><div class=\"ult-team-member-name-wrap\"><h2 class=\"ult-team-member-name ult-responsive\"  data-ultimate-target='.ult-team-member-bio-wrap.ultimate-heading69d39d9a73f56 .ult-team-member-name'  data-responsive-json-new='{\"font-size\":\"\",\"line-height\":\"\"}'  style=\"\">Tatiana<\/h2><div class=\"ult-team-member-position ult-responsive\"  data-ultimate-target='.ult-team-member-bio-wrap.ultimate-heading69d39d9a73f56 .ult-team-member-position'  data-responsive-json-new='{\"font-size\":\"\",\"line-height\":\"\"}'  style=\"\">Gestor de Reservas<\/div><div class=\"ult-team-member-description ult-responsive\"  data-ultimate-target='.ult-team-member-bio-wrap.ultimate-heading69d39d9a73f56 .ult-team-member-description'  data-responsive-json-new='{\"font-size\":\"\",\"line-height\":\"\"}'  style=\"\"><p><\/p>\n<p class=\"p1\"><span class=\"s1\">Spanish \/ English<\/span><\/p>\n<p><\/p><\/div><div style=\"margin-bottom:15px\"><\/div><\/div><\/div><\/div>[\/vc_column][vc_column width=\u00bb1\/4&#8243;]<div class=\"ult-team-member-wrap ult-style-1   ult_team\"><div class=\"ult-team-member-image\" style=\"\"> <img decoding=\"async\" class=\"ult-team-grayscale\" src=\"https:\/\/mylovelyapart.com\/wp-content\/uploads\/2026\/03\/dayana-mla.jpg\" alt=\"null\"  style=\"\"><span class=\"ult-team-member-image-overlay \"  ><\/span><\/div><div class=\"ult-team-member-bio-wrap style-1 ultimate-heading69d39d9a74061\" style=\"text-align:center;; \"><div class=\"ult-team-member-name-wrap\"><h2 class=\"ult-team-member-name ult-responsive\"  data-ultimate-target='.ult-team-member-bio-wrap.ultimate-heading69d39d9a74061 .ult-team-member-name'  data-responsive-json-new='{\"font-size\":\"\",\"line-height\":\"\"}'  style=\"\">Dayana<\/h2><div class=\"ult-team-member-position ult-responsive\"  data-ultimate-target='.ult-team-member-bio-wrap.ultimate-heading69d39d9a74061 .ult-team-member-position'  data-responsive-json-new='{\"font-size\":\"\",\"line-height\":\"\"}'  style=\"\">Gestor de Reservas<\/div><div class=\"ult-team-member-description ult-responsive\"  data-ultimate-target='.ult-team-member-bio-wrap.ultimate-heading69d39d9a74061 .ult-team-member-description'  data-responsive-json-new='{\"font-size\":\"\",\"line-height\":\"\"}'  style=\"\"><p>Espa\u00f1ol<\/p><\/div><div style=\"margin-bottom:15px\"><\/div><\/div><\/div><\/div>[\/vc_column][vc_column width=\u00bb1\/4&#8243;]<div class=\"ult-team-member-wrap ult-style-1   ult_team\"><div class=\"ult-team-member-image\" style=\"\"> <img decoding=\"async\" class=\"ult-team-grayscale\" src=\"https:\/\/mylovelyapart.com\/wp-content\/uploads\/2026\/03\/maria-mla.jpg\" alt=\"null\"  style=\"\"><span class=\"ult-team-member-image-overlay \"  ><\/span><\/div><div class=\"ult-team-member-bio-wrap style-1 ultimate-heading69d39d9a741c8\" style=\"text-align:center;; \"><div class=\"ult-team-member-name-wrap\"><h2 class=\"ult-team-member-name ult-responsive\"  data-ultimate-target='.ult-team-member-bio-wrap.ultimate-heading69d39d9a741c8 .ult-team-member-name'  data-responsive-json-new='{\"font-size\":\"\",\"line-height\":\"\"}'  style=\"\">Maria Statkiewich<\/h2><div class=\"ult-team-member-position ult-responsive\"  data-ultimate-target='.ult-team-member-bio-wrap.ultimate-heading69d39d9a741c8 .ult-team-member-position'  data-responsive-json-new='{\"font-size\":\"\",\"line-height\":\"\"}'  style=\"\">Gestor de Reservas<\/div><div class=\"ult-team-member-description ult-responsive\"  data-ultimate-target='.ult-team-member-bio-wrap.ultimate-heading69d39d9a741c8 .ult-team-member-description'  data-responsive-json-new='{\"font-size\":\"\",\"line-height\":\"\"}'  style=\"\"><p>Espa\u00f1ol<\/p><\/div><div style=\"margin-bottom:15px\"><\/div><\/div><\/div><\/div>[\/vc_column][\/vc_row][vc_row css=\u00bb.vc_custom_1773091187900{padding-top: 0px !important;padding-bottom: 60px !important;}\u00bb][vc_column width=\u00bb1\/4&#8243;]<div class=\"ult-team-member-wrap ult-style-1   ult_team\"><div class=\"ult-team-member-image\" style=\"border-style:solid;\"> <img decoding=\"async\" class=\"ult-team-grayscale\" src=\"https:\/\/mylovelyapart.com\/wp-content\/uploads\/2026\/03\/linda-mla.jpg\" alt=\"null\"  style=\"\"><span class=\"ult-team-member-image-overlay \"  ><\/span><\/div><div class=\"ult-team-member-bio-wrap style-1 ultimate-heading69d39d9a74b28\" style=\"text-align:center;; \"><div class=\"ult-team-member-name-wrap\"><h2 class=\"ult-team-member-name ult-responsive\"  data-ultimate-target='.ult-team-member-bio-wrap.ultimate-heading69d39d9a74b28 .ult-team-member-name'  data-responsive-json-new='{\"font-size\":\"\",\"line-height\":\"\"}'  style=\"\">Linda<\/h2><div class=\"ult-team-member-position ult-responsive\"  data-ultimate-target='.ult-team-member-bio-wrap.ultimate-heading69d39d9a74b28 .ult-team-member-position'  data-responsive-json-new='{\"font-size\":\"\",\"line-height\":\"\"}'  style=\"\">Gestor de Reservas<\/div><div class=\"ult-team-member-description ult-responsive\"  data-ultimate-target='.ult-team-member-bio-wrap.ultimate-heading69d39d9a74b28 .ult-team-member-description'  data-responsive-json-new='{\"font-size\":\"\",\"line-height\":\"\"}'  style=\"\"><p><\/p>\n<p class=\"p1\">Espa\u00f1ol \/ Ingl\u00e9s<\/p>\n<p><\/p><\/div><div style=\"margin-bottom:15px\"><\/div><\/div><\/div><\/div>[\/vc_column][vc_column width=\u00bb1\/4&#8243;]<div class=\"ult-team-member-wrap ult-style-1   ult_team\"><div class=\"ult-team-member-image\" style=\"\"> <img decoding=\"async\" class=\"ult-team-grayscale\" src=\"https:\/\/mylovelyapart.com\/wp-content\/uploads\/2026\/03\/natalia-mla.jpg\" alt=\"null\"  style=\"\"><span class=\"ult-team-member-image-overlay \"  ><\/span><\/div><div class=\"ult-team-member-bio-wrap style-1 ultimate-heading69d39d9a74ccb\" style=\"text-align:center;; \"><div class=\"ult-team-member-name-wrap\"><h2 class=\"ult-team-member-name ult-responsive\"  data-ultimate-target='.ult-team-member-bio-wrap.ultimate-heading69d39d9a74ccb .ult-team-member-name'  data-responsive-json-new='{\"font-size\":\"\",\"line-height\":\"\"}'  style=\"\">Natalia<\/h2><div class=\"ult-team-member-position ult-responsive\"  data-ultimate-target='.ult-team-member-bio-wrap.ultimate-heading69d39d9a74ccb .ult-team-member-position'  data-responsive-json-new='{\"font-size\":\"\",\"line-height\":\"\"}'  style=\"\">Adminstraci\u00f3n<\/div><div class=\"ult-team-member-description ult-responsive\"  data-ultimate-target='.ult-team-member-bio-wrap.ultimate-heading69d39d9a74ccb .ult-team-member-description'  data-responsive-json-new='{\"font-size\":\"\",\"line-height\":\"\"}'  style=\"\"><p><\/p>\n<p class=\"p1\"><span class=\"s1\">Espa\u00f1ol \/ Ingl\u00e9s<\/span><\/p>\n<p><\/p><\/div><div style=\"margin-bottom:15px\"><\/div><\/div><\/div><\/div>[\/vc_column][vc_column width=\u00bb1\/4&#8243;]<div class=\"ult-team-member-wrap ult-style-1   ult_team\"><div class=\"ult-team-member-image\" style=\"\"> <img decoding=\"async\" class=\"ult-team-grayscale\" src=\"https:\/\/mylovelyapart.com\/wp-content\/uploads\/2026\/03\/luisa-mla.jpg\" alt=\"null\"  style=\"\"><span class=\"ult-team-member-image-overlay \"  ><\/span><\/div><div class=\"ult-team-member-bio-wrap style-1 ultimate-heading69d39d9a74f9b\" style=\"text-align:center;; \"><div class=\"ult-team-member-name-wrap\"><h2 class=\"ult-team-member-name ult-responsive\"  data-ultimate-target='.ult-team-member-bio-wrap.ultimate-heading69d39d9a74f9b .ult-team-member-name'  data-responsive-json-new='{\"font-size\":\"\",\"line-height\":\"\"}'  style=\"\">Luisa Ibarguren<\/h2><div class=\"ult-team-member-position ult-responsive\"  data-ultimate-target='.ult-team-member-bio-wrap.ultimate-heading69d39d9a74f9b .ult-team-member-position'  data-responsive-json-new='{\"font-size\":\"\",\"line-height\":\"\"}'  style=\"\">Conserje para hu\u00e9spedes<\/div><div class=\"ult-team-member-description ult-responsive\"  data-ultimate-target='.ult-team-member-bio-wrap.ultimate-heading69d39d9a74f9b .ult-team-member-description'  data-responsive-json-new='{\"font-size\":\"\",\"line-height\":\"\"}'  style=\"\"><p>Espa\u00f1ol<\/p><\/div><div style=\"margin-bottom:15px\"><\/div><\/div><\/div><\/div>[\/vc_column][vc_column width=\u00bb1\/4&#8243;]<div class=\"ult-team-member-wrap ult-style-1   ult_team\"><div class=\"ult-team-member-image\" style=\"\"> <img decoding=\"async\" class=\"ult-team-grayscale\" src=\"https:\/\/mylovelyapart.com\/wp-content\/uploads\/2026\/03\/tann-mla.jpg\" alt=\"null\"  style=\"\"><span class=\"ult-team-member-image-overlay \"  ><\/span><\/div><div class=\"ult-team-member-bio-wrap style-1 ultimate-heading69d39d9a75124\" style=\"text-align:center;; \"><div class=\"ult-team-member-name-wrap\"><h2 class=\"ult-team-member-name ult-responsive\"  data-ultimate-target='.ult-team-member-bio-wrap.ultimate-heading69d39d9a75124 .ult-team-member-name'  data-responsive-json-new='{\"font-size\":\"\",\"line-height\":\"\"}'  style=\"\">Tann<\/h2><div class=\"ult-team-member-position ult-responsive\"  data-ultimate-target='.ult-team-member-bio-wrap.ultimate-heading69d39d9a75124 .ult-team-member-position'  data-responsive-json-new='{\"font-size\":\"\",\"line-height\":\"\"}'  style=\"\">Data Entry<\/div><div class=\"ult-team-member-description ult-responsive\"  data-ultimate-target='.ult-team-member-bio-wrap.ultimate-heading69d39d9a75124 .ult-team-member-description'  data-responsive-json-new='{\"font-size\":\"\",\"line-height\":\"\"}'  style=\"\"><p>Ingl\u00e9s \/ Khmer \/ Camboyano<\/p><\/div><div style=\"margin-bottom:15px\"><\/div><\/div><\/div><\/div>[\/vc_column][\/vc_row]<\/p>\n<\/div>","protected":false},"excerpt":{"rendered":"<p>[vc_row full_width=\u00bbstretch_row_content\u00bb parallax=\u00bbcontent-moving\u00bb parallax_image=\u00bb18666&#8243; css=\u00bb.vc_custom_1543002182694{margin-top: 0px !important;margin-bottom: 0px !important;padding-top: 120px !important;padding-bottom: 120px !important;}\u00bb][vc_column][vc_column_text] Qui\u00e9nes somos [\/vc_column_text][\/vc_column][\/vc_row][vc_row full_width=\u00bbstretch_row_content\u00bb bg_type=\u00bbbg_color\u00bb css=\u00bb.vc_custom_1543002480373{padding-top: 120px !important;padding-bottom: 120px !important;}\u00bb bg_color_value=\u00bb#f1f1f1&#8243; el_id=\u00bbaboutid\u00bb][vc_column width=\u00bb1\/6&#8243; el_class=\u00bbshowdesk\u00bb][\/vc_column][vc_column width=\u00bb2\/3&#8243;][vc_column_text css=\u00bb.vc_custom_1746494218358{padding-right: 30px !important;padding-left: 30px !important;}\u00bb] MylovelyApart es una agencia boutique de alquileres temporarios con base en Buenos Aires. Nos especializamos en proveer propiedades para viajeros modernos que buscan autenticidad, confort y conexi\u00f3n: ya sea que vengan &#8230;<\/p>\n","protected":false},"author":1,"featured_media":0,"parent":0,"menu_order":0,"comment_status":"closed","ping_status":"closed","template":"","meta":{"inline_featured_image":false,"footnotes":""},"class_list":["post-45288","page","type-page","status-publish","hentry"],"_links":{"self":[{"href":"https:\/\/mylovelyapart.com\/es\/wp-json\/wp\/v2\/pages\/45288","targetHints":{"allow":["GET"]}}],"collection":[{"href":"https:\/\/mylovelyapart.com\/es\/wp-json\/wp\/v2\/pages"}],"about":[{"href":"https:\/\/mylovelyapart.com\/es\/wp-json\/wp\/v2\/types\/page"}],"author":[{"embeddable":true,"href":"https:\/\/mylovelyapart.com\/es\/wp-json\/wp\/v2\/users\/1"}],"replies":[{"embeddable":true,"href":"https:\/\/mylovelyapart.com\/es\/wp-json\/wp\/v2\/comments?post=45288"}],"version-history":[{"count":12,"href":"https:\/\/mylovelyapart.com\/es\/wp-json\/wp\/v2\/pages\/45288\/revisions"}],"predecessor-version":[{"id":110394,"href":"https:\/\/mylovelyapart.com\/es\/wp-json\/wp\/v2\/pages\/45288\/revisions\/110394"}],"wp:attachment":[{"href":"https:\/\/mylovelyapart.com\/es\/wp-json\/wp\/v2\/media?parent=45288"}],"curies":[{"name":"wp","href":"https:\/\/api.w.org\/{rel}","templated":true}]}}