{"id":45292,"date":"2021-03-16T11:22:06","date_gmt":"2021-03-16T14:22:06","guid":{"rendered":"https:\/\/mylovelyapart.com\/?page_id=45292"},"modified":"2021-03-18T15:28:46","modified_gmt":"2021-03-18T18:28:46","slug":"insider-guide-buenos-aires","status":"publish","type":"page","link":"https:\/\/mylovelyapart.com\/es\/insider-guide-buenos-aires\/","title":{"rendered":"Gu\u00eda Insider de Buenos Aires"},"content":{"rendered":"<div class=\"wpb-content-wrapper\"><p>[vc_row][vc_column]<div class=\"ult-spacer spacer-69d4c6bf94f7b\" data-id=\"69d4c6bf94f7b\" data-height=\"50\" data-height-mobile=\"0\" data-height-tab=\"0\" data-height-tab-portrait=\"0\" data-height-mobile-landscape=\"0\" style=\"clear:both;display:block;\"><\/div>[\/vc_column][\/vc_row][vc_row][vc_column]<div id=\"ultimate-heading-173369d4c6bf94fa7\" class=\"uvc-heading ult-adjust-bottom-margin ultimate-heading-173369d4c6bf94fa7 uvc-5389 title-principal\" data-hspacer=\"no_spacer\"  data-halign=\"left\" style=\"text-align:left\"><div class=\"uvc-heading-spacer no_spacer\" style=\"top\"><\/div><div class=\"uvc-main-heading ult-responsive\"  data-ultimate-target='.uvc-heading.ultimate-heading-173369d4c6bf94fa7 h3'  data-responsive-json-new='{\"font-size\":\"\",\"line-height\":\"\"}' ><h3 style=\"font-weight:normal;\">Gu\u00eda Insider de Buenos Aires<\/h3><\/div><div class=\"uvc-sub-heading ult-responsive\"  data-ultimate-target='.uvc-heading.ultimate-heading-173369d4c6bf94fa7 .uvc-sub-heading '  data-responsive-json-new='{\"font-size\":\"\",\"line-height\":\"\"}'  style=\"font-weight:normal;\"><\/p>\n<blockquote><p><span style=\"font-size: 14pt;\">Aprovechar su estad\u00eda al m\u00e1ximo la informaci\u00f3n importante recogida por nuestra propia experiencia y las opiniones de nuestros clientes. Mi Lovely Apart no s\u00f3lo proporciona apartamentos de alquiler en el mejor barrio de Buenos Aires, tambi\u00e9n se preocupa por tener la mejor experiencia y el servicio personalizado que cada viajero requiere.<\/span><\/p><\/blockquote>\n<p><\/div><\/div>[\/vc_column][\/vc_row][vc_row][vc_column]<div class=\"ult-spacer spacer-69d4c6bf94fc6\" data-id=\"69d4c6bf94fc6\" data-height=\"30\" data-height-mobile=\"0\" data-height-tab=\"0\" data-height-tab-portrait=\"0\" data-height-mobile-landscape=\"0\" style=\"clear:both;display:block;\"><\/div>[\/vc_column][\/vc_row][vc_row][vc_column]<div id=\"wpestate_sh_anime_959\" class=\"article_container ddccdc wpestate_anime wpestate_latest_listings_sh bottom-post  blogs_wrapper \"  data-type=\"post\" data-category_ids=\"\" data-action_ids=\"\" data-city_ids=\"\" data-area_ids=\"\" data-state_ids=\"\" data-status_ids=\"\" data-features_ids=\"\" data-number=\"6\" data-row-number=\"3\" data-card-version=\"\" data-align=\"vertical\" data-show_featured_only=\"no\"  data-random_pick=\"no\"  data-featured_first=\"no\" data-sort-by=\"0\"data-display-grid=\"no\"data-page=\"1\" ><div class=\"items_shortcode_wrapper  \">  \n\n<div class=\"col-md-4 shortcode-col  listing_wrapper blog2v\"> \n    <div class=\"property_listing_blog\" data-link=\"https:\/\/mylovelyapart.com\/es\/alquiler-temporario-vs-alquiler-tradicional\/\">\n        <div class=\"blog_unit_image\"><a href=\"https:\/\/mylovelyapart.com\/es\/alquiler-temporario-vs-alquiler-tradicional\/\"><img loading=\"lazy\" decoding=\"async\" width=\"400\" height=\"267\" src=\"https:\/\/mylovelyapart.com\/wp-content\/uploads\/2018\/06\/rawpixel-744342-unsplash_opt.jpg\" class=\"lazyload img-responsive wp-post-image\" alt=\"\" data-original=\"https:\/\/mylovelyapart.com\/wp-content\/uploads\/2018\/06\/rawpixel-744342-unsplash_opt.jpg\" srcset=\"https:\/\/mylovelyapart.com\/wp-content\/uploads\/2018\/06\/rawpixel-744342-unsplash_opt.jpg 400w, https:\/\/mylovelyapart.com\/wp-content\/uploads\/2018\/06\/rawpixel-744342-unsplash_opt-105x70.jpg 105w\" sizes=\"auto, (max-width: 400px) 100vw, 400px\" \/><\/a><\/div>\n        <h4>\n            <a href=\"https:\/\/mylovelyapart.com\/es\/alquiler-temporario-vs-alquiler-tradicional\/\" class=\"blog_unit_title\">Alquiler temporario vs alquiler tradicional<\/a> \n        <\/h4>\n        \n        <div class=\"blog_unit_meta\">\n            16 marzo, 2021        <\/div>\n        \n        <div class=\"listing_details the_grid_view\">\n            \u00bfSe pregunta sobre los gastos de manutenci\u00f3n en Buenos Aires? A continuaci\u00f3n se muestran algunos ejemplos del preci <a href=\"https:\/\/mylovelyapart.com\/es\/alquiler-temporario-vs-alquiler-tradicional\/\" class=\"unit_more_x\">...<\/a>        <\/div>\n\n        <a class=\"read_more\" href=\"https:\/\/mylovelyapart.com\/es\/alquiler-temporario-vs-alquiler-tradicional\/\"> \n            Continue reading            <i class=\"fas fa-angle-right\"><\/i> \n        <\/a>\n    <\/div>          \n<\/div>      \n  \n\n<div class=\"col-md-4 shortcode-col  listing_wrapper blog2v\"> \n    <div class=\"property_listing_blog\" data-link=\"https:\/\/mylovelyapart.com\/es\/todo-lo-que-necesitas-saber-sobre-el-asado-argentino\/\">\n        <div class=\"blog_unit_image\"><a href=\"https:\/\/mylovelyapart.com\/es\/todo-lo-que-necesitas-saber-sobre-el-asado-argentino\/\"><img loading=\"lazy\" decoding=\"async\" width=\"525\" height=\"328\" src=\"https:\/\/mylovelyapart.com\/wp-content\/uploads\/2020\/03\/alejandro-duarte-yXQJoGkKLmc-unsplash-1-scaled-525x328.jpg\" class=\"lazyload img-responsive wp-post-image\" alt=\"\" data-original=\"https:\/\/mylovelyapart.com\/wp-content\/uploads\/2020\/03\/alejandro-duarte-yXQJoGkKLmc-unsplash-1-scaled-525x328.jpg\" \/><\/a><\/div>\n        <h4>\n            <a href=\"https:\/\/mylovelyapart.com\/es\/todo-lo-que-necesitas-saber-sobre-el-asado-argentino\/\" class=\"blog_unit_title\">Todo lo que necesitas saber sobre el \u00abAsado ...<\/a> \n        <\/h4>\n        \n        <div class=\"blog_unit_meta\">\n            13 marzo, 2020        <\/div>\n        \n        <div class=\"listing_details the_grid_view\">\n            Una cosa que definitivamente no quieres perderte si viajas a Argentina es un argentinoParrilla. Este pa\u00eds ha domina <a href=\"https:\/\/mylovelyapart.com\/es\/todo-lo-que-necesitas-saber-sobre-el-asado-argentino\/\" class=\"unit_more_x\">...<\/a>        <\/div>\n\n        <a class=\"read_more\" href=\"https:\/\/mylovelyapart.com\/es\/todo-lo-que-necesitas-saber-sobre-el-asado-argentino\/\"> \n            Continue reading            <i class=\"fas fa-angle-right\"><\/i> \n        <\/a>\n    <\/div>          \n<\/div>      \n<\/div><div class=\"wpestate_listing_sh_loader\">\n       <div class=\"new_prelader\"><\/div>\n    <\/div><div class=\"listinglink-wrapper_sh_listings\">\n               <span class=\"wpresidence_button wpestate_item_list_sh\">  cargar art\u00edculos <\/span>\n               <\/div><\/div>[\/vc_column][\/vc_row][vc_row][vc_column]<div class=\"ult-spacer spacer-69d4c6bf96e39\" data-id=\"69d4c6bf96e39\" data-height=\"30\" data-height-mobile=\"0\" data-height-tab=\"0\" data-height-tab-portrait=\"0\" data-height-mobile-landscape=\"0\" style=\"clear:both;display:block;\"><\/div>[\/vc_column][\/vc_row][vc_row][vc_column width=\u00bb2\/3&#8243;]<div id=\"ultimate-heading-103069d4c6bf96e5a\" class=\"uvc-heading ult-adjust-bottom-margin ultimate-heading-103069d4c6bf96e5a uvc-7717 title-principal\" data-hspacer=\"no_spacer\"  data-halign=\"left\" style=\"text-align:left\"><div class=\"uvc-heading-spacer no_spacer\" style=\"top\"><\/div><div class=\"uvc-main-heading ult-responsive\"  data-ultimate-target='.uvc-heading.ultimate-heading-103069d4c6bf96e5a h3'  data-responsive-json-new='{\"font-size\":\"\",\"line-height\":\"\"}' ><h3 style=\"font-weight:normal;\">Barrios.<\/h3><\/div><\/div>[\/vc_column][vc_column width=\u00bb1\/3&#8243;]<div class=\" ult_buttons ubtn-ctn-right bt-principal\"><a class=\"ubtn-link ult-adjust-bottom-margin ubtn-right ubtn-small bt-principal\" href=\"https:\/\/mylovelyapart.com\/neighborhoods\/\" ><button type=\"button\" id=\"ubtn-1697\"  class=\"ubtn ult-adjust-bottom-margin ult-responsive ubtn-small ubtn-no-hover-bg  none  ubtn-right   tooltip-69d4c6bf96e83\"  data-hover=\"\" data-border-color=\"\" data-bg=\"\" data-hover-bg=\"\" data-border-hover=\"\" data-shadow-hover=\"\" data-shadow-click=\"none\" data-shadow=\"\" data-shd-shadow=\"\"  data-ultimate-target='#ubtn-1697'  data-responsive-json-new='{\"font-size\":\"\",\"line-height\":\"\"}'  style=\"font-weight:normal;border:none;\"><span class=\"ubtn-hover\" style=\"background-color:\"><\/span><span class=\"ubtn-data ubtn-text \" >Ver todos<\/span><\/button><\/a><\/div>[\/vc_column][\/vc_row][vc_row gap=\u00bb20&#8243; equal_height=\u00bbyes\u00bb content_placement=\u00bbmiddle\u00bb css=\u00bb.vc_custom_1616092094819{margin-right: -10px !important;margin-left: -10px !important;}\u00bb][vc_column width=\u00bb2\/3&#8243; offset=\u00bbvc_col-xs-12&#8243;]<div class=\"article_container  places_list_2 one_row \">\n<div class=\"places_wrapper_type_2\" style=\"background-image: url(https:\/\/mylovelyapart.com\/wp-content\/uploads\/2020\/08\/HOLLYWOOD-23.jpeg);\">\n\n    <div class=\"places_cover\" data-link=\"https:\/\/mylovelyapart.com\/es\/area\/palermo-hollywood-es\/\" ><\/div>\n    <div class=\"places_type_2_content\"  >\n        <h4><a href=\"https:\/\/mylovelyapart.com\/es\/area\/palermo-hollywood-es\/\">\n            Palermo Hollywood            <\/a>\n        <\/h4>\n\n        <div class=\"places_type_2_tagline\">\n                    <\/div>\n\n        <div class=\"places_type_2_listings_no\">\n            58 Listings        <\/div>\n\n    <\/div>\n<\/div>\n<\/div>[\/vc_column][vc_column width=\u00bb1\/3&#8243; offset=\u00bbvc_col-xs-12&#8243;]<div class=\"article_container  places_list_2 one_row \">\n<div class=\"places_wrapper_type_2\" style=\"background-image: url(https:\/\/mylovelyapart.com\/wp-content\/uploads\/2020\/08\/palermo-soho.jpg);\">\n\n    <div class=\"places_cover\" data-link=\"https:\/\/mylovelyapart.com\/es\/area\/palermo-soho-es\/\" ><\/div>\n    <div class=\"places_type_2_content\"  >\n        <h4><a href=\"https:\/\/mylovelyapart.com\/es\/area\/palermo-soho-es\/\">\n            Palermo Soho            <\/a>\n        <\/h4>\n\n        <div class=\"places_type_2_tagline\">\n                    <\/div>\n\n        <div class=\"places_type_2_listings_no\">\n            45 Listings        <\/div>\n\n    <\/div>\n<\/div>\n<\/div>[\/vc_column][\/vc_row][vc_row gap=\u00bb20&#8243; equal_height=\u00bbyes\u00bb content_placement=\u00bbmiddle\u00bb css=\u00bb.vc_custom_1616092111656{margin-right: -10px !important;margin-left: -10px !important;}\u00bb][vc_column width=\u00bb1\/4&#8243;]<div class=\"article_container  places_list_2 one_row \">\n<div class=\"places_wrapper_type_2\" style=\"background-image: url(https:\/\/mylovelyapart.com\/wp-content\/uploads\/2020\/07\/h-1.jpg);\">\n\n    <div class=\"places_cover\" data-link=\"https:\/\/mylovelyapart.com\/es\/area\/las-canitas-es\/\" ><\/div>\n    <div class=\"places_type_2_content\"  >\n        <h4><a href=\"https:\/\/mylovelyapart.com\/es\/area\/las-canitas-es\/\">\n            Las Ca\u00f1itas            <\/a>\n        <\/h4>\n\n        <div class=\"places_type_2_tagline\">\n                    <\/div>\n\n        <div class=\"places_type_2_listings_no\">\n            12 Listings        <\/div>\n\n    <\/div>\n<\/div>\n<\/div>[\/vc_column][vc_column width=\u00bb1\/2&#8243;]<div class=\"article_container  places_list_2 one_row \">\n<div class=\"places_wrapper_type_2\" style=\"background-image: url(https:\/\/mylovelyapart.com\/wp-content\/uploads\/2020\/08\/jeison-higuita-lg8lOau0_KA-unsplash-scaled.jpg);\">\n\n    <div class=\"places_cover\" data-link=\"https:\/\/mylovelyapart.com\/es\/area\/recoleta-es\/\" ><\/div>\n    <div class=\"places_type_2_content\"  >\n        <h4><a href=\"https:\/\/mylovelyapart.com\/es\/area\/recoleta-es\/\">\n            Recoleta            <\/a>\n        <\/h4>\n\n        <div class=\"places_type_2_tagline\">\n                    <\/div>\n\n        <div class=\"places_type_2_listings_no\">\n            47 Listings        <\/div>\n\n    <\/div>\n<\/div>\n<\/div>[\/vc_column][vc_column width=\u00bb1\/4&#8243;]<div class=\"article_container  places_list_2 one_row \">\n<div class=\"places_wrapper_type_2\" style=\"background-image: url(https:\/\/mylovelyapart.com\/wp-content\/uploads\/2020\/05\/almagro-1-e1589945331597.jpg);\">\n\n    <div class=\"places_cover\" data-link=\"https:\/\/mylovelyapart.com\/es\/area\/almagro-es\/\" ><\/div>\n    <div class=\"places_type_2_content\"  >\n        <h4><a href=\"https:\/\/mylovelyapart.com\/es\/area\/almagro-es\/\">\n            Almagro            <\/a>\n        <\/h4>\n\n        <div class=\"places_type_2_tagline\">\n                    <\/div>\n\n        <div class=\"places_type_2_listings_no\">\n            5 Listings        <\/div>\n\n    <\/div>\n<\/div>\n<\/div>[\/vc_column][\/vc_row][vc_row gap=\u00bb20&#8243; equal_height=\u00bbyes\u00bb content_placement=\u00bbmiddle\u00bb css=\u00bb.vc_custom_1616092122623{margin-right: -10px !important;margin-left: -10px !important;}\u00bb][vc_column width=\u00bb1\/3&#8243;]<div class=\"article_container  places_list_2 one_row \">\n<div class=\"places_wrapper_type_2\" style=\"background-image: url(https:\/\/mylovelyapart.com\/wp-content\/uploads\/2020\/08\/vila-crepo123.png);\">\n\n    <div class=\"places_cover\" data-link=\"https:\/\/mylovelyapart.com\/es\/area\/villa-crespo-es\/\" ><\/div>\n    <div class=\"places_type_2_content\"  >\n        <h4><a href=\"https:\/\/mylovelyapart.com\/es\/area\/villa-crespo-es\/\">\n            Villa Crespo            <\/a>\n        <\/h4>\n\n        <div class=\"places_type_2_tagline\">\n                    <\/div>\n\n        <div class=\"places_type_2_listings_no\">\n            8 Listings        <\/div>\n\n    <\/div>\n<\/div>\n<\/div>[\/vc_column][vc_column width=\u00bb2\/3&#8243;]<div class=\"article_container  places_list_2 one_row \">\n<div class=\"places_wrapper_type_2\" style=\"background-image: url(https:\/\/mylovelyapart.com\/wp-content\/uploads\/2020\/08\/cuarentena-BA.jpg);\">\n\n    <div class=\"places_cover\" data-link=\"https:\/\/mylovelyapart.com\/es\/area\/belgrano-es\/\" ><\/div>\n    <div class=\"places_type_2_content\"  >\n        <h4><a href=\"https:\/\/mylovelyapart.com\/es\/area\/belgrano-es\/\">\n            Belgrano            <\/a>\n        <\/h4>\n\n        <div class=\"places_type_2_tagline\">\n                    <\/div>\n\n        <div class=\"places_type_2_listings_no\">\n            26 Listings        <\/div>\n\n    <\/div>\n<\/div>\n<\/div>[\/vc_column][\/vc_row][vc_row][vc_column]<div class=\"ult-spacer spacer-69d4c6bf98927\" data-id=\"69d4c6bf98927\" data-height=\"30\" data-height-mobile=\"0\" data-height-tab=\"0\" data-height-tab-portrait=\"0\" data-height-mobile-landscape=\"0\" style=\"clear:both;display:block;\"><\/div>[\/vc_column][\/vc_row]<\/p>\n<\/div>","protected":false},"excerpt":{"rendered":"<p>[vc_row][vc_column][\/vc_column][\/vc_row][vc_row][vc_column][\/vc_column][\/vc_row][vc_row][vc_column][\/vc_column][\/vc_row][vc_row][vc_column][\/vc_column][\/vc_row][vc_row][vc_column][\/vc_column][\/vc_row][vc_row][vc_column width=\u00bb2\/3&#8243;][\/vc_column][vc_column width=\u00bb1\/3&#8243;][\/vc_column][\/vc_row][vc_row gap=\u00bb20&#8243; equal_height=\u00bbyes\u00bb content_placement=\u00bbmiddle\u00bb css=\u00bb.vc_custom_1616092094819{margin-right: -10px !important;margin-left: -10px !important;}\u00bb][vc_column width=\u00bb2\/3&#8243; offset=\u00bbvc_col-xs-12&#8243;][\/vc_column][vc_column width=\u00bb1\/3&#8243; offset=\u00bbvc_col-xs-12&#8243;][\/vc_column][\/vc_row][vc_row gap=\u00bb20&#8243; equal_height=\u00bbyes\u00bb content_placement=\u00bbmiddle\u00bb css=\u00bb.vc_custom_1616092111656{margin-right: -10px !important;margin-left: -10px !important;}\u00bb][vc_column width=\u00bb1\/4&#8243;][\/vc_column][vc_column width=\u00bb1\/2&#8243;][\/vc_column][vc_column width=\u00bb1\/4&#8243;][\/vc_column][\/vc_row][vc_row gap=\u00bb20&#8243; equal_height=\u00bbyes\u00bb content_placement=\u00bbmiddle\u00bb css=\u00bb.vc_custom_1616092122623{margin-right: -10px !important;margin-left: -10px !important;}\u00bb][vc_column width=\u00bb1\/3&#8243;][\/vc_column][vc_column width=\u00bb2\/3&#8243;][\/vc_column][\/vc_row][vc_row][vc_column][\/vc_column][\/vc_row]<\/p>\n","protected":false},"author":1,"featured_media":0,"parent":0,"menu_order":0,"comment_status":"closed","ping_status":"closed","template":"","meta":{"inline_featured_image":false,"footnotes":""},"class_list":["post-45292","page","type-page","status-publish","hentry"],"_links":{"self":[{"href":"https:\/\/mylovelyapart.com\/es\/wp-json\/wp\/v2\/pages\/45292","targetHints":{"allow":["GET"]}}],"collection":[{"href":"https:\/\/mylovelyapart.com\/es\/wp-json\/wp\/v2\/pages"}],"about":[{"href":"https:\/\/mylovelyapart.com\/es\/wp-json\/wp\/v2\/types\/page"}],"author":[{"embeddable":true,"href":"https:\/\/mylovelyapart.com\/es\/wp-json\/wp\/v2\/users\/1"}],"replies":[{"embeddable":true,"href":"https:\/\/mylovelyapart.com\/es\/wp-json\/wp\/v2\/comments?post=45292"}],"version-history":[{"count":0,"href":"https:\/\/mylovelyapart.com\/es\/wp-json\/wp\/v2\/pages\/45292\/revisions"}],"wp:attachment":[{"href":"https:\/\/mylovelyapart.com\/es\/wp-json\/wp\/v2\/media?parent=45292"}],"curies":[{"name":"wp","href":"https:\/\/api.w.org\/{rel}","templated":true}]}}