{"id":45302,"date":"2021-03-16T12:16:39","date_gmt":"2021-03-16T15:16:39","guid":{"rendered":"https:\/\/mylovelyapart.com\/?page_id=45302"},"modified":"2021-03-17T18:36:36","modified_gmt":"2021-03-17T21:36:36","slug":"vivienda-corporativa","status":"publish","type":"page","link":"https:\/\/mylovelyapart.com\/es\/vivienda-corporativa\/","title":{"rendered":"Vivienda corporativa"},"content":{"rendered":"<div class=\"wpb-content-wrapper\"><p>[vc_row css=\u00bb.vc_custom_1534438398621{border-bottom-width: 30px !important;}\u00bb][vc_column]<div id=\"ultimate-heading-579969f0dc07785c8\" class=\"uvc-heading ult-adjust-bottom-margin ultimate-heading-579969f0dc07785c8 uvc-1336 title-principal\" data-hspacer=\"no_spacer\"  data-halign=\"left\" style=\"text-align:left\"><div class=\"uvc-heading-spacer no_spacer\" style=\"top\"><\/div><div class=\"uvc-main-heading ult-responsive\"  data-ultimate-target='.uvc-heading.ultimate-heading-579969f0dc07785c8 h3'  data-responsive-json-new='{\"font-size\":\"\",\"line-height\":\"\"}' ><h3 style=\"font-weight:normal;\">Vivienda Corporativa<\/h3><\/div><\/div>[\/vc_column][vc_column][vc_single_image image=\u00bb20417&#8243; img_size=\u00bblarge\u00bb][\/vc_column][vc_column][vc_column_text]<\/p>\n<h3><span style=\"font-weight: 400;\">Nos gustar\u00eda presentar nuestros servicios como un proveedor para las necesidades de su empresa.<\/span><\/h3>\n<p><strong>Nuestro proceso comienza con los viajeros corporativos que emparejan con su hogar temporal ideal lejos del hogar.<\/strong><\/p>\n<p><span style=\"font-weight: 400;\">Seg\u00fan la Asociaci\u00f3n de proveedores de vivienda corporativa (CHPA), la vivienda corporativa es un t\u00e9rmino en la industria de viajes que significa alquilar un apartamento amueblado, condominio, o casa de forma temporal a los viajeros de negocios, como una alternativa a un hotel. La vivienda corporativa t\u00edpicamente cuesta menos que los hoteles, ofrece un servicio personalizado al cliente, proporciona soluciones completas de vivienda temporal dentro de un entorno residencial estable que permite tener dormitorios adicionales para los visitantes a diferencia de la estadia en un hotel.<\/span><\/p>\n<p>&nbsp;<\/p>\n<h3><span style=\"font-weight: 400;\">\u00bfPor qu\u00e9 nosotros?<\/span><\/h3>\n<p><span style=\"font-weight: 400;\">Porque somos la alternativa ideal a una estad\u00eda en hotel, no somos due\u00f1os independientes, somos un equipo profesional que se dedica \u00fanicamente a esto, a brindar la hospitalidad y servicios que requiere el personal ejecutivo ademas de estar muy familiarizados con todos los t\u00e9rminos y opciones de arrendamiento. Adem\u00e1s, contamos con las conexiones locales para detectar qu\u00e9 propiedades se ajustaran a las necesidades \u00fanicas del personal ejecutivo. Pueden quedarse tranquilos que realizamos una completa revisi\u00f3n y cumplimos con los mas altos est\u00e1ndares antes de que le entreguemos las llaves.<\/span><\/p>\n<p><span style=\"font-weight: 400;\">La mayor\u00eda de nuestros apartamentos son ideales para viajeros corporativos, consultores, empleados del gobierno y viajeros de negocios, ya que todos ellos est\u00e1n ubicados cerca de los centros de negocios y servicios p\u00fablicos, proporcionando todas las comodidades b\u00e1sicas que usted espera para una estad\u00eda a mediano o largo plazo. Igualmente les solicitamos contactarse con nosotros y brindarnos la informaci\u00f3n necesaria para poder ofrecer el apartamento mas conveniente a sus propias necesitadas<\/span><\/p>\n<p><span style=\"font-weight: 400;\">Somos una empresa de proveedores profesionales que gestiona todos los detalles contractuales de un apartamento amueblado residencial para estad\u00edas entre 7 d\u00edas hasta 6 meses y hasta para contratos de m\u00e1ximo un a\u00f1o.<\/span><\/p>\n<p>&nbsp;<\/p>\n<h3><span style=\"font-weight: 400;\">Aceptamos tarjetas corporativas a trav\u00e9s de nuestros m\u00e9todos seguros e internacionales de pago.<\/span><\/h3>\n<p>[\/vc_column_text][\/vc_column][vc_column][vc_row_inner][vc_column_inner width=\u00bb1\/4&#8243;][vc_single_image image=\u00bb20408&#8243; img_size=\u00bbmedium\u00bb][\/vc_column_inner][vc_column_inner width=\u00bb1\/4&#8243;][vc_single_image image=\u00bb20406&#8243; img_size=\u00bbmedium\u00bb alignment=\u00bbcenter\u00bb][\/vc_column_inner][vc_column_inner width=\u00bb1\/4&#8243;][vc_single_image image=\u00bb20409&#8243; img_size=\u00bbmedium\u00bb alignment=\u00bbcenter\u00bb][\/vc_column_inner][vc_column_inner width=\u00bb1\/4&#8243;][vc_single_image image=\u00bb20407&#8243; img_size=\u00bbmedium\u00bb alignment=\u00bbcenter\u00bb][\/vc_column_inner][\/vc_row_inner][\/vc_column][\/vc_row][vc_row][vc_column][vc_column_text]<\/p>\n<h3><span style=\"font-weight: 400;\">\u00bfEs mi casa ideal para clientes corporativos? <\/span><\/h3>\n<p><span style=\"font-weight: 400;\">\u00a1Probablemente lo sea! Y estaremos encantados de coordinar una visita para verificarlo nosotros mismos. Las viviendas corporativas deben de estar completamente amobladas, totalmente equipadas con mobiliario completo de cocina, art\u00edculos para el hogar, electr\u00f3nica y servicios p\u00fablicos. Su casa puede ser aceptada siempre que se mantenga las siguientes normas:<\/span><\/p>\n<p>&nbsp;<\/p>\n<ul>\n<li style=\"font-weight: 400;\"><span style=\"font-weight: 400;\">A well-maintained property <\/span><\/li>\n<li style=\"font-weight: 400;\"><span style=\"font-weight: 400;\">Excellent linens and house equipment the conveniences and comforts of home.<\/span><\/li>\n<li style=\"font-weight: 400;\"><span style=\"font-weight: 400;\">At least double the square footage of hotel rooms and suite hotels.<\/span><\/li>\n<li style=\"font-weight: 400;\"><span style=\"font-weight: 400;\">Located in a convenient location in and around major metropolitan areas.<\/span><\/li>\n<li style=\"font-weight: 400;\"><span style=\"font-weight: 400;\">A more cost-effective accommodation alternative for travelers needing long term stays. \u00a0Keep in mind that monthly invoices might be requested by big companies. <\/span><\/li>\n<\/ul>\n<p>&nbsp;<\/p>\n<h3><span style=\"font-weight: 400;\">UPGRADE\u00a0ITEMS\u00a0(upon request)<\/span><\/h3>\n<ul>\n<li style=\"font-weight: 400;\"><span style=\"font-weight: 400;\">Extra TV\u2019s<\/span><\/li>\n<li style=\"font-weight: 400;\"><span style=\"font-weight: 400;\">Desk \/ chair<\/span><\/li>\n<li style=\"font-weight: 400;\"><span style=\"font-weight: 400;\">Food and beverage credit<\/span><\/li>\n<li style=\"font-weight: 400;\"><span style=\"font-weight: 400;\">Car rental assistance<\/span><\/li>\n<li style=\"font-weight: 400;\"><span style=\"font-weight: 400;\">Day care assistance<\/span><\/li>\n<li style=\"font-weight: 400;\"><span style=\"font-weight: 400;\">Premium cable TV channels<\/span><\/li>\n<li style=\"font-weight: 400;\"><span style=\"font-weight: 400;\">Early check in and late check out<\/span><\/li>\n<li style=\"font-weight: 400;\"><span style=\"font-weight: 400;\">Arrival gifts<\/span><\/li>\n<\/ul>\n<p>&nbsp;<\/p>\n<p><span style=\"font-weight: 400;\">No matter where they want to live, what their budgets are or if they need a place that\u2019s pet-friendly, our rental managers will help you find an apartment, townhouse or rental home that fits your needs. <\/span><\/p>\n<p><span style=\"font-weight: 400;\">If you&#8217;re away from home for a relocation, temporary business assignment, or extended vacation, you want simplicity and comfort and privacy. We will help you locate a property at the best value for your needs.<\/span>[\/vc_column_text][\/vc_column][\/vc_row]<\/p>\n<\/div>","protected":false},"excerpt":{"rendered":"<p>[vc_row css=\u00bb.vc_custom_1534438398621{border-bottom-width: 30px !important;}\u00bb][vc_column][\/vc_column][vc_column][vc_single_image image=\u00bb20417&#8243; img_size=\u00bblarge\u00bb][\/vc_column][vc_column][vc_column_text] Nos gustar\u00eda presentar nuestros servicios como un proveedor para las necesidades de su empresa. Nuestro proceso comienza con los viajeros corporativos que emparejan con su hogar temporal ideal lejos del hogar. Seg\u00fan la Asociaci\u00f3n de proveedores de vivienda corporativa (CHPA), la vivienda corporativa es un t\u00e9rmino en la industria de viajes que significa alquilar un apartamento amueblado, condominio, &#8230;<\/p>\n","protected":false},"author":1,"featured_media":0,"parent":0,"menu_order":0,"comment_status":"closed","ping_status":"closed","template":"","meta":{"inline_featured_image":false,"footnotes":""},"class_list":["post-45302","page","type-page","status-publish","hentry"],"_links":{"self":[{"href":"https:\/\/mylovelyapart.com\/es\/wp-json\/wp\/v2\/pages\/45302","targetHints":{"allow":["GET"]}}],"collection":[{"href":"https:\/\/mylovelyapart.com\/es\/wp-json\/wp\/v2\/pages"}],"about":[{"href":"https:\/\/mylovelyapart.com\/es\/wp-json\/wp\/v2\/types\/page"}],"author":[{"embeddable":true,"href":"https:\/\/mylovelyapart.com\/es\/wp-json\/wp\/v2\/users\/1"}],"replies":[{"embeddable":true,"href":"https:\/\/mylovelyapart.com\/es\/wp-json\/wp\/v2\/comments?post=45302"}],"version-history":[{"count":0,"href":"https:\/\/mylovelyapart.com\/es\/wp-json\/wp\/v2\/pages\/45302\/revisions"}],"wp:attachment":[{"href":"https:\/\/mylovelyapart.com\/es\/wp-json\/wp\/v2\/media?parent=45302"}],"curies":[{"name":"wp","href":"https:\/\/api.w.org\/{rel}","templated":true}]}}