{"id":75634,"date":"2023-03-02T14:41:48","date_gmt":"2023-03-02T17:41:48","guid":{"rendered":"https:\/\/mylovelyapart.com\/?page_id=75634"},"modified":"2023-03-03T16:06:37","modified_gmt":"2023-03-03T19:06:37","slug":"enviar-propiedad","status":"publish","type":"page","link":"https:\/\/mylovelyapart.com\/es\/enviar-propiedad\/","title":{"rendered":"Enviar Propiedad"},"content":{"rendered":"<div class=\"wpb-content-wrapper\"><p>[vc_row css=\u00bb.vc_custom_1677852555257{margin-top: 20px !important;}\u00bb][vc_column][vc_wp_text]<\/p>\n<h2>Env\u00eda tu propiedad<\/h2>\n<p>[\/vc_wp_text][vc_wp_text]Gracias por su inter\u00e9s en incluir su hogar en nuestro sitio. \u00a1Ha venido al lugar correcto!<\/p>\n<p>Estamos felices en tu interes por administrar o simplemente alquilar su propiedad con nosotros. As\u00ed que ahora, estamos aqu\u00ed para guiarlo a trav\u00e9s de los pasos para convertirse en uno de nuestros felices propietarios.<\/p>\n<p>Elija la opcion que corresponda:[\/vc_wp_text][\/vc_column][\/vc_row][vc_row css=\u00bb.vc_custom_1677779291953{margin-top: 0px !important;border-top-width: 0px !important;padding-top: 0px !important;}\u00bb el_id=\u00bbgoup\u00bb][vc_column width=\u00bb1\/2&#8243;][vc_btn title=\u00bbSu propiedad no esta amoblada y equipada aun?\u00bb style=\u00bbcustom\u00bb custom_background=\u00bb#5068a5&#8243; custom_text=\u00bb#ffffff\u00bb align=\u00bbcenter\u00bb button_block=\u00bbtrue\u00bb link=\u00bburl:https%3A%2F%2Fmylovelyapart.com%2Fes%2Fpropiedad-aun-no-amoblada%2F\u00bb el_class=\u00bbgogogo\u00bb][\/vc_column][vc_column width=\u00bb1\/2&#8243;][vc_btn title=\u00bbQuiero ofrecer mi propiedad, amoblada y equipada!\u00bb style=\u00bbcustom\u00bb custom_background=\u00bb#5068a5&#8243; custom_text=\u00bb#ffffff\u00bb align=\u00bbcenter\u00bb button_block=\u00bbtrue\u00bb link=\u00bburl:https%3A%2F%2Fmylovelyapart.com%2Fes%2Fquiero-ofrecer-mi-propiedad-amoblada-y-equipada%2F\u00bb][\/vc_column][\/vc_row][vc_row][vc_column]<div class=\"spacer\" style=\"height:120px;\"><\/div>[\/vc_column][\/vc_row]<\/p>\n<\/div>","protected":false},"excerpt":{"rendered":"<p>[vc_row css=\u00bb.vc_custom_1677852555257{margin-top: 20px !important;}\u00bb][vc_column][vc_wp_text] Env\u00eda tu propiedad [\/vc_wp_text][vc_wp_text]Gracias por su inter\u00e9s en incluir su hogar en nuestro sitio. \u00a1Ha venido al lugar correcto! Estamos felices en tu interes por administrar o simplemente alquilar su propiedad con nosotros. As\u00ed que ahora, estamos aqu\u00ed para guiarlo a trav\u00e9s de los pasos para convertirse en uno de nuestros felices propietarios. Elija la opcion que corresponda:[\/vc_wp_text][\/vc_column][\/vc_row][vc_row css=\u00bb.vc_custom_1677779291953{margin-top: 0px &#8230;<\/p>\n","protected":false},"author":1,"featured_media":0,"parent":0,"menu_order":0,"comment_status":"closed","ping_status":"closed","template":"","meta":{"inline_featured_image":false,"footnotes":""},"class_list":["post-75634","page","type-page","status-publish","hentry"],"_links":{"self":[{"href":"https:\/\/mylovelyapart.com\/es\/wp-json\/wp\/v2\/pages\/75634","targetHints":{"allow":["GET"]}}],"collection":[{"href":"https:\/\/mylovelyapart.com\/es\/wp-json\/wp\/v2\/pages"}],"about":[{"href":"https:\/\/mylovelyapart.com\/es\/wp-json\/wp\/v2\/types\/page"}],"author":[{"embeddable":true,"href":"https:\/\/mylovelyapart.com\/es\/wp-json\/wp\/v2\/users\/1"}],"replies":[{"embeddable":true,"href":"https:\/\/mylovelyapart.com\/es\/wp-json\/wp\/v2\/comments?post=75634"}],"version-history":[{"count":0,"href":"https:\/\/mylovelyapart.com\/es\/wp-json\/wp\/v2\/pages\/75634\/revisions"}],"wp:attachment":[{"href":"https:\/\/mylovelyapart.com\/es\/wp-json\/wp\/v2\/media?parent=75634"}],"curies":[{"name":"wp","href":"https:\/\/api.w.org\/{rel}","templated":true}]}}